{"id":1089,"date":"2025-06-26T20:06:07","date_gmt":"2025-06-26T20:06:07","guid":{"rendered":"https:\/\/www.mamzelleconfetti.com\/ceresa\/?page_id=1089"},"modified":"2025-09-16T21:39:10","modified_gmt":"2025-09-16T21:39:10","slug":"soutenez-nous","status":"publish","type":"page","link":"https:\/\/www.mamzelleconfetti.com\/ceresa\/soutenez-nous\/","title":{"rendered":"Soutenez-nous"},"content":{"rendered":"\t\t<div data-elementor-type=\"wp-page\" data-elementor-id=\"1089\" class=\"elementor elementor-1089\" data-elementor-post-type=\"page\">\n\t\t\t\t<div class=\"elementor-element elementor-element-c3af858 e-con-full e-flex e-con e-parent\" data-id=\"c3af858\" data-element_type=\"container\">\n\t\t<div class=\"elementor-element elementor-element-440d842 e-con-full e-flex e-con e-child\" data-id=\"440d842\" data-element_type=\"container\">\n\t\t\t\t<div class=\"elementor-element elementor-element-e8502ce elementor-position-left elementor-vertical-align-middle elementor-view-default elementor-mobile-position-top elementor-widget elementor-widget-icon-box\" data-id=\"e8502ce\" data-element_type=\"widget\" data-widget_type=\"icon-box.default\">\n\t\t\t\t<div class=\"elementor-widget-container\">\n\t\t\t\t\t\t\t<div class=\"elementor-icon-box-wrapper\">\n\n\t\t\t\t\t\t<div class=\"elementor-icon-box-icon\">\n\t\t\t\t<span  class=\"elementor-icon\">\n\t\t\t\t<svg xmlns=\"http:\/\/www.w3.org\/2000\/svg\" id=\"Calque_1\" data-name=\"Calque 1\" viewBox=\"0 0 296.22 297.04\"><defs><style>      .cls-1 {        fill: #e94190;      }      .cls-2 {        fill: none;        stroke: #5a5959;        stroke-linecap: round;        stroke-linejoin: round;        stroke-width: 5px;      }    <\/style><\/defs><polyline class=\"cls-2\" points=\"204.39 208.98 175.64 246.57 120.56 246.05 91.8 207.91\"><\/polyline><rect class=\"cls-2\" x=\"78.97\" y=\"182.88\" width=\"138.27\" height=\"22.87\"><\/rect><line class=\"cls-2\" x1=\"148.09\" y1=\"106.54\" x2=\"148.09\" y2=\"180.72\"><\/line><path class=\"cls-2\" d=\"M150.19,164.83s6.43-33.87,41.43-20.34c0,0,1.51,31.45-41.43,20.34Z\"><\/path><path class=\"cls-2\" d=\"M144.14,149.25s-25.58,1.75-25.58-25.58c0,0,31.4-2.27,25.58,25.58Z\"><\/path><path class=\"cls-1\" d=\"M173.15,56.22c7.26,7.29,7,19.08,2.78,27.89-3.51,7.32-20.94,24.48-29.1,24.26-7.05-.19-24.83-11.95-29.41-17.69-17.34-21.73,2.35-50.31,26.54-31.22,8.13-9.36,19.56-12.91,29.2-3.23Z\"><\/path><\/svg>\t\t\t\t<\/span>\n\t\t\t<\/div>\n\t\t\t\n\t\t\t\t\t\t<div class=\"elementor-icon-box-content\">\n\n\t\t\t\t\t\t\t\t\t<h3 class=\"elementor-icon-box-title\">\n\t\t\t\t\t\t<span  >\n\t\t\t\t\t\t\tSOUTENEZ-NOUS\t\t\t\t\t\t<\/span>\n\t\t\t\t\t<\/h3>\n\t\t\t\t\n\t\t\t\t\n\t\t\t<\/div>\n\t\t\t\n\t\t<\/div>\n\t\t\t\t\t\t<\/div>\n\t\t\t\t<\/div>\n\t\t\t\t<div class=\"elementor-element elementor-element-f0c50d8 elementor-widget__width-initial elementor-widget-divider--view-line elementor-widget elementor-widget-divider\" data-id=\"f0c50d8\" data-element_type=\"widget\" data-widget_type=\"divider.default\">\n\t\t\t\t<div class=\"elementor-widget-container\">\n\t\t\t\t\t\t\t<div class=\"elementor-divider\">\n\t\t\t<span class=\"elementor-divider-separator\">\n\t\t\t\t\t\t<\/span>\n\t\t<\/div>\n\t\t\t\t\t\t<\/div>\n\t\t\t\t<\/div>\n\t\t\t\t<div class=\"elementor-element elementor-element-6db794e elementor-widget elementor-widget-text-editor\" data-id=\"6db794e\" data-element_type=\"widget\" data-widget_type=\"text-editor.default\">\n\t\t\t\t<div class=\"elementor-widget-container\">\n\t\t\t\t\t\t\t\t\t<p data-start=\"257\" data-end=\"465\">Votre soutien est essentiel pour faire vivre nos projets et renforcer notre impact. Que vous soyez un particulier, une entreprise ou une organisation, il existe plusieurs fa\u00e7ons de vous engager \u00e0 nos c\u00f4t\u00e9s.<\/p><p data-start=\"469\" data-end=\"664\">En rejoignant notre communaut\u00e9, en faisant un don, en donnant de votre temps, ou en construisant un partenariat sur le long terme, vous contribuez concr\u00e8tement \u00e0 la r\u00e9alisation de nos missions.<\/p>\t\t\t\t\t\t\t\t<\/div>\n\t\t\t\t<\/div>\n\t\t\t\t<div class=\"elementor-element elementor-element-c7332d8 elementor-widget elementor-widget-spacer\" data-id=\"c7332d8\" data-element_type=\"widget\" data-widget_type=\"spacer.default\">\n\t\t\t\t<div class=\"elementor-widget-container\">\n\t\t\t\t\t\t\t<div class=\"elementor-spacer\">\n\t\t\t<div class=\"elementor-spacer-inner\"><\/div>\n\t\t<\/div>\n\t\t\t\t\t\t<\/div>\n\t\t\t\t<\/div>\n\t\t\t\t<div class=\"elementor-element elementor-element-72d7ee5 elementor-grid-4 elementor-grid-tablet-2 elementor-grid-mobile-1 elementor-posts--thumbnail-top elementor-card-shadow-yes elementor-posts__hover-gradient elementor-widget elementor-widget-posts\" data-id=\"72d7ee5\" data-element_type=\"widget\" data-settings=\"{&quot;cards_columns&quot;:&quot;4&quot;,&quot;cards_columns_tablet&quot;:&quot;2&quot;,&quot;cards_columns_mobile&quot;:&quot;1&quot;,&quot;cards_row_gap&quot;:{&quot;unit&quot;:&quot;px&quot;,&quot;size&quot;:35,&quot;sizes&quot;:[]},&quot;cards_row_gap_tablet&quot;:{&quot;unit&quot;:&quot;px&quot;,&quot;size&quot;:&quot;&quot;,&quot;sizes&quot;:[]},&quot;cards_row_gap_mobile&quot;:{&quot;unit&quot;:&quot;px&quot;,&quot;size&quot;:&quot;&quot;,&quot;sizes&quot;:[]}}\" data-widget_type=\"posts.cards\">\n\t\t\t\t<div class=\"elementor-widget-container\">\n\t\t\t\t\t\t\t<div class=\"elementor-posts-container elementor-posts elementor-posts--skin-cards elementor-grid\">\n\t\t\t\t<article class=\"elementor-post elementor-grid-item post-2567 page type-page status-publish has-post-thumbnail hentry\">\n\t\t\t<div class=\"elementor-post__card\">\n\t\t\t\t<a class=\"elementor-post__thumbnail__link\" href=\"https:\/\/www.mamzelleconfetti.com\/ceresa\/benevolat\/\" tabindex=\"-1\" ><div class=\"elementor-post__thumbnail\"><img fetchpriority=\"high\" decoding=\"async\" width=\"296\" height=\"297\" src=\"https:\/\/www.mamzelleconfetti.com\/ceresa\/wp-content\/uploads\/2025\/06\/icons-ceresa-32.svg\" class=\"attachment-medium size-medium wp-image-818\" alt=\"\" \/><\/div><\/a>\n\t\t\t\t<div class=\"elementor-post__text\">\n\t\t\t\t<h3 class=\"elementor-post__title\">\n\t\t\t<a href=\"https:\/\/www.mamzelleconfetti.com\/ceresa\/benevolat\/\" >\n\t\t\t\tB\u00c9N\u00c9VOLAT\t\t\t<\/a>\n\t\t<\/h3>\n\t\t\t\t<div class=\"elementor-post__excerpt\">\n\t\t\t<p>D\u00e9couvrez comment vous pouvez nous aider : chaque geste compte.<br \/>\nEnsemble, partageons nos id\u00e9es, nos comp\u00e9tences et notre enthousiasme pour b\u00e2tir des projets porteurs de sens !<\/p>\n\t\t<\/div>\n\t\t\n\t\t<a class=\"elementor-post__read-more\" href=\"https:\/\/www.mamzelleconfetti.com\/ceresa\/benevolat\/\" aria-label=\"En savoir plus sur B\u00c9N\u00c9VOLAT\" tabindex=\"-1\" >\n\t\t\tEn savoir plus \u00bb\t\t<\/a>\n\n\t\t\t\t<\/div>\n\t\t\t\t\t<\/div>\n\t\t<\/article>\n\t\t\t\t<article class=\"elementor-post elementor-grid-item post-2411 page type-page status-publish has-post-thumbnail hentry\">\n\t\t\t<div class=\"elementor-post__card\">\n\t\t\t\t<a class=\"elementor-post__thumbnail__link\" href=\"https:\/\/www.mamzelleconfetti.com\/ceresa\/dons\/\" tabindex=\"-1\" ><div class=\"elementor-post__thumbnail\"><img decoding=\"async\" width=\"296\" height=\"297\" src=\"https:\/\/www.mamzelleconfetti.com\/ceresa\/wp-content\/uploads\/2025\/06\/icons-ceresa-36.svg\" class=\"attachment-medium size-medium wp-image-822\" alt=\"\" \/><\/div><\/a>\n\t\t\t\t<div class=\"elementor-post__text\">\n\t\t\t\t<h3 class=\"elementor-post__title\">\n\t\t\t<a href=\"https:\/\/www.mamzelleconfetti.com\/ceresa\/dons\/\" >\n\t\t\t\tDONS\t\t\t<\/a>\n\t\t<\/h3>\n\t\t\t\t<div class=\"elementor-post__excerpt\">\n\t\t\t<p>Chaque don, quel qu\u2019en soit le montant, est une aide pr\u00e9cieuse pour soutenir les enfants et adolescents avec TSA. Vos contributions nous permettent de d\u00e9velopper des projets, d\u2019am\u00e9liorer l\u2019accueil et de soutenir les familles. Ensemble, construisons un avenir plus inclusif !<\/p>\n\t\t<\/div>\n\t\t\n\t\t<a class=\"elementor-post__read-more\" href=\"https:\/\/www.mamzelleconfetti.com\/ceresa\/dons\/\" aria-label=\"En savoir plus sur DONS\" tabindex=\"-1\" >\n\t\t\tEn savoir plus \u00bb\t\t<\/a>\n\n\t\t\t\t<\/div>\n\t\t\t\t\t<\/div>\n\t\t<\/article>\n\t\t\t\t<article class=\"elementor-post elementor-grid-item post-2463 page type-page status-publish has-post-thumbnail hentry\">\n\t\t\t<div class=\"elementor-post__card\">\n\t\t\t\t<a class=\"elementor-post__thumbnail__link\" href=\"https:\/\/www.mamzelleconfetti.com\/ceresa\/adhesions\/\" tabindex=\"-1\" ><div class=\"elementor-post__thumbnail\"><img decoding=\"async\" width=\"296\" height=\"297\" src=\"https:\/\/www.mamzelleconfetti.com\/ceresa\/wp-content\/uploads\/2025\/06\/icons-ceresa-adherer.svg\" class=\"attachment-medium size-medium wp-image-849\" alt=\"\" \/><\/div><\/a>\n\t\t\t\t<div class=\"elementor-post__text\">\n\t\t\t\t<h3 class=\"elementor-post__title\">\n\t\t\t<a href=\"https:\/\/www.mamzelleconfetti.com\/ceresa\/adhesions\/\" >\n\t\t\t\tADH\u00c9SIONS\t\t\t<\/a>\n\t\t<\/h3>\n\t\t\t\t<div class=\"elementor-post__excerpt\">\n\t\t\t<p>Adh\u00e9rez d\u00e8s aujourd\u2019hui au CERESA pour nous soutenir et nous permettre d\u2019obtenir la reconnaissance d\u2019utilit\u00e9 publique, essentielle \u00e0 notre d\u00e9veloppement. Ensemble, faisons grandir notre association !<\/p>\n\t\t<\/div>\n\t\t\n\t\t<a class=\"elementor-post__read-more\" href=\"https:\/\/www.mamzelleconfetti.com\/ceresa\/adhesions\/\" aria-label=\"En savoir plus sur ADH\u00c9SIONS\" tabindex=\"-1\" >\n\t\t\tEn savoir plus \u00bb\t\t<\/a>\n\n\t\t\t\t<\/div>\n\t\t\t\t\t<\/div>\n\t\t<\/article>\n\t\t\t\t<\/div>\n\t\t\n\t\t\t\t\t\t<\/div>\n\t\t\t\t<\/div>\n\t\t\t\t<\/div>\n\t\t<div class=\"elementor-element elementor-element-9de6b54 e-con-full e-flex e-con e-child\" data-id=\"9de6b54\" data-element_type=\"container\">\n\t\t\t\t<div class=\"elementor-element elementor-element-4c96918 elementor-widget elementor-widget-spacer\" data-id=\"4c96918\" data-element_type=\"widget\" data-widget_type=\"spacer.default\">\n\t\t\t\t<div class=\"elementor-widget-container\">\n\t\t\t\t\t\t\t<div class=\"elementor-spacer\">\n\t\t\t<div class=\"elementor-spacer-inner\"><\/div>\n\t\t<\/div>\n\t\t\t\t\t\t<\/div>\n\t\t\t\t<\/div>\n\t\t\t\t<\/div>\n\t\t\t\t<\/div>\n\t\t\t\t<\/div>\n\t\t","protected":false},"excerpt":{"rendered":"<p>SOUTENEZ-NOUS Votre soutien est essentiel pour faire vivre nos projets et renforcer notre impact. Que vous soyez un particulier, une entreprise ou une organisation, il existe plusieurs fa\u00e7ons de vous engager \u00e0 nos c\u00f4t\u00e9s. En rejoignant notre communaut\u00e9, en faisant un don, en donnant de votre temps, ou en construisant un partenariat sur le long [&hellip;]<\/p>\n","protected":false},"author":1,"featured_media":0,"parent":0,"menu_order":0,"comment_status":"closed","ping_status":"closed","template":"elementor_header_footer","meta":{"footnotes":""},"class_list":["post-1089","page","type-page","status-publish","hentry"],"yoast_head":"<!-- This site is optimized with the Yoast SEO plugin v25.4 - https:\/\/yoast.com\/wordpress\/plugins\/seo\/ -->\n<title>Soutenez-nous - Association CERESA<\/title>\n<meta name=\"robots\" content=\"index, follow, max-snippet:-1, max-image-preview:large, max-video-preview:-1\" \/>\n<link rel=\"canonical\" href=\"https:\/\/www.mamzelleconfetti.com\/ceresa\/soutenez-nous\/\" \/>\n<meta property=\"og:locale\" content=\"fr_FR\" \/>\n<meta property=\"og:type\" content=\"article\" \/>\n<meta property=\"og:title\" content=\"Soutenez-nous - Association CERESA\" \/>\n<meta property=\"og:description\" content=\"SOUTENEZ-NOUS Votre soutien est essentiel pour faire vivre nos projets et renforcer notre impact. Que vous soyez un particulier, une entreprise ou une organisation, il existe plusieurs fa\u00e7ons de vous engager \u00e0 nos c\u00f4t\u00e9s. En rejoignant notre communaut\u00e9, en faisant un don, en donnant de votre temps, ou en construisant un partenariat sur le long [&hellip;]\" \/>\n<meta property=\"og:url\" content=\"https:\/\/www.mamzelleconfetti.com\/ceresa\/soutenez-nous\/\" \/>\n<meta property=\"og:site_name\" content=\"Association CERESA\" \/>\n<meta property=\"article:modified_time\" content=\"2025-09-16T21:39:10+00:00\" \/>\n<meta property=\"og:image\" content=\"https:\/\/www.mamzelleconfetti.com\/ceresa\/wp-content\/uploads\/2025\/05\/Logo-Association-Ceresa.png\" \/>\n\t<meta property=\"og:image:width\" content=\"696\" \/>\n\t<meta property=\"og:image:height\" content=\"501\" \/>\n\t<meta property=\"og:image:type\" content=\"image\/png\" \/>\n<meta name=\"twitter:card\" content=\"summary_large_image\" \/>\n<meta name=\"twitter:label1\" content=\"Dur\u00e9e de lecture estim\u00e9e\" \/>\n\t<meta name=\"twitter:data1\" content=\"2 minutes\" \/>\n<script type=\"application\/ld+json\" class=\"yoast-schema-graph\">{\"@context\":\"https:\/\/schema.org\",\"@graph\":[{\"@type\":\"WebPage\",\"@id\":\"https:\/\/www.mamzelleconfetti.com\/ceresa\/soutenez-nous\/\",\"url\":\"https:\/\/www.mamzelleconfetti.com\/ceresa\/soutenez-nous\/\",\"name\":\"Soutenez-nous - Association CERESA\",\"isPartOf\":{\"@id\":\"https:\/\/www.mamzelleconfetti.com\/ceresa\/#website\"},\"datePublished\":\"2025-06-26T20:06:07+00:00\",\"dateModified\":\"2025-09-16T21:39:10+00:00\",\"breadcrumb\":{\"@id\":\"https:\/\/www.mamzelleconfetti.com\/ceresa\/soutenez-nous\/#breadcrumb\"},\"inLanguage\":\"fr-FR\",\"potentialAction\":[{\"@type\":\"ReadAction\",\"target\":[\"https:\/\/www.mamzelleconfetti.com\/ceresa\/soutenez-nous\/\"]}]},{\"@type\":\"BreadcrumbList\",\"@id\":\"https:\/\/www.mamzelleconfetti.com\/ceresa\/soutenez-nous\/#breadcrumb\",\"itemListElement\":[{\"@type\":\"ListItem\",\"position\":1,\"name\":\"Accueil\",\"item\":\"https:\/\/www.mamzelleconfetti.com\/ceresa\/\"},{\"@type\":\"ListItem\",\"position\":2,\"name\":\"Soutenez-nous\"}]},{\"@type\":\"WebSite\",\"@id\":\"https:\/\/www.mamzelleconfetti.com\/ceresa\/#website\",\"url\":\"https:\/\/www.mamzelleconfetti.com\/ceresa\/\",\"name\":\"Association CERESA\",\"description\":\"\",\"alternateName\":\"CERESA\",\"potentialAction\":[{\"@type\":\"SearchAction\",\"target\":{\"@type\":\"EntryPoint\",\"urlTemplate\":\"https:\/\/www.mamzelleconfetti.com\/ceresa\/?s={search_term_string}\"},\"query-input\":{\"@type\":\"PropertyValueSpecification\",\"valueRequired\":true,\"valueName\":\"search_term_string\"}}],\"inLanguage\":\"fr-FR\"}]}<\/script>\n<!-- \/ Yoast SEO plugin. -->","yoast_head_json":{"title":"Soutenez-nous - Association CERESA","robots":{"index":"index","follow":"follow","max-snippet":"max-snippet:-1","max-image-preview":"max-image-preview:large","max-video-preview":"max-video-preview:-1"},"canonical":"https:\/\/www.mamzelleconfetti.com\/ceresa\/soutenez-nous\/","og_locale":"fr_FR","og_type":"article","og_title":"Soutenez-nous - Association CERESA","og_description":"SOUTENEZ-NOUS Votre soutien est essentiel pour faire vivre nos projets et renforcer notre impact. Que vous soyez un particulier, une entreprise ou une organisation, il existe plusieurs fa\u00e7ons de vous engager \u00e0 nos c\u00f4t\u00e9s. En rejoignant notre communaut\u00e9, en faisant un don, en donnant de votre temps, ou en construisant un partenariat sur le long [&hellip;]","og_url":"https:\/\/www.mamzelleconfetti.com\/ceresa\/soutenez-nous\/","og_site_name":"Association CERESA","article_modified_time":"2025-09-16T21:39:10+00:00","og_image":[{"width":696,"height":501,"url":"https:\/\/www.mamzelleconfetti.com\/ceresa\/wp-content\/uploads\/2025\/05\/Logo-Association-Ceresa.png","type":"image\/png"}],"twitter_card":"summary_large_image","twitter_misc":{"Dur\u00e9e de lecture estim\u00e9e":"2 minutes"},"schema":{"@context":"https:\/\/schema.org","@graph":[{"@type":"WebPage","@id":"https:\/\/www.mamzelleconfetti.com\/ceresa\/soutenez-nous\/","url":"https:\/\/www.mamzelleconfetti.com\/ceresa\/soutenez-nous\/","name":"Soutenez-nous - Association CERESA","isPartOf":{"@id":"https:\/\/www.mamzelleconfetti.com\/ceresa\/#website"},"datePublished":"2025-06-26T20:06:07+00:00","dateModified":"2025-09-16T21:39:10+00:00","breadcrumb":{"@id":"https:\/\/www.mamzelleconfetti.com\/ceresa\/soutenez-nous\/#breadcrumb"},"inLanguage":"fr-FR","potentialAction":[{"@type":"ReadAction","target":["https:\/\/www.mamzelleconfetti.com\/ceresa\/soutenez-nous\/"]}]},{"@type":"BreadcrumbList","@id":"https:\/\/www.mamzelleconfetti.com\/ceresa\/soutenez-nous\/#breadcrumb","itemListElement":[{"@type":"ListItem","position":1,"name":"Accueil","item":"https:\/\/www.mamzelleconfetti.com\/ceresa\/"},{"@type":"ListItem","position":2,"name":"Soutenez-nous"}]},{"@type":"WebSite","@id":"https:\/\/www.mamzelleconfetti.com\/ceresa\/#website","url":"https:\/\/www.mamzelleconfetti.com\/ceresa\/","name":"Association CERESA","description":"","alternateName":"CERESA","potentialAction":[{"@type":"SearchAction","target":{"@type":"EntryPoint","urlTemplate":"https:\/\/www.mamzelleconfetti.com\/ceresa\/?s={search_term_string}"},"query-input":{"@type":"PropertyValueSpecification","valueRequired":true,"valueName":"search_term_string"}}],"inLanguage":"fr-FR"}]}},"_links":{"self":[{"href":"https:\/\/www.mamzelleconfetti.com\/ceresa\/wp-json\/wp\/v2\/pages\/1089","targetHints":{"allow":["GET"]}}],"collection":[{"href":"https:\/\/www.mamzelleconfetti.com\/ceresa\/wp-json\/wp\/v2\/pages"}],"about":[{"href":"https:\/\/www.mamzelleconfetti.com\/ceresa\/wp-json\/wp\/v2\/types\/page"}],"author":[{"embeddable":true,"href":"https:\/\/www.mamzelleconfetti.com\/ceresa\/wp-json\/wp\/v2\/users\/1"}],"replies":[{"embeddable":true,"href":"https:\/\/www.mamzelleconfetti.com\/ceresa\/wp-json\/wp\/v2\/comments?post=1089"}],"version-history":[{"count":52,"href":"https:\/\/www.mamzelleconfetti.com\/ceresa\/wp-json\/wp\/v2\/pages\/1089\/revisions"}],"predecessor-version":[{"id":5573,"href":"https:\/\/www.mamzelleconfetti.com\/ceresa\/wp-json\/wp\/v2\/pages\/1089\/revisions\/5573"}],"wp:attachment":[{"href":"https:\/\/www.mamzelleconfetti.com\/ceresa\/wp-json\/wp\/v2\/media?parent=1089"}],"curies":[{"name":"wp","href":"https:\/\/api.w.org\/{rel}","templated":true}]}}