{"id":102,"date":"2026-01-24T15:00:12","date_gmt":"2026-01-24T15:00:12","guid":{"rendered":"http:\/\/shmuel"},"modified":"2026-01-24T16:56:39","modified_gmt":"2026-01-24T16:56:39","slug":"eco-bag","status":"publish","type":"product","link":"https:\/\/www.mamzelleconfetti.com\/moko\/product\/eco-bag\/","title":{"rendered":"Biscuit \u201cCalme &#038; Truffe\u201d \u2013 Camomille &#038; Pomme"},"content":{"rendered":"<div class=\"relative basis-auto flex-col -mb-(--composer-overlap-px) [--composer-overlap-px:28px] grow flex\">\n<div class=\"flex flex-col text-sm pb-25\">\n<article class=\"text-token-text-primary w-full focus:outline-none [--shadow-height:45px] has-data-writing-block:pointer-events-none has-data-writing-block:-mt-(--shadow-height) has-data-writing-block:pt-(--shadow-height) [&amp;:has([data-writing-block])&gt;*]:pointer-events-auto scroll-mt-[calc(var(--header-height)+min(200px,max(70px,20svh)))]\" dir=\"auto\" tabindex=\"-1\" data-turn-id=\"request-WEB:f5bff03d-11f1-40be-a805-9e7733ae4791-4\" data-testid=\"conversation-turn-10\" data-scroll-anchor=\"true\" data-turn=\"assistant\">\n<div class=\"text-base my-auto mx-auto pb-10 [--thread-content-margin:--spacing(4)] @w-sm\/main:[--thread-content-margin:--spacing(6)] @w-lg\/main:[--thread-content-margin:--spacing(16)] px-(--thread-content-margin)\">\n<div class=\"[--thread-content-max-width:40rem] @w-lg\/main:[--thread-content-max-width:48rem] mx-auto max-w-(--thread-content-max-width) flex-1 group\/turn-messages focus-visible:outline-hidden relative flex w-full min-w-0 flex-col agent-turn\" tabindex=\"-1\">\n<div class=\"flex max-w-full flex-col grow\">\n<div class=\"min-h-8 text-message relative flex w-full flex-col items-end gap-2 text-start break-words whitespace-normal [.text-message+&amp;]:mt-1\" dir=\"auto\" data-message-author-role=\"assistant\" data-message-id=\"8059c59f-676d-4d11-b2ea-9c90e997ea9d\" data-message-model-slug=\"gpt-5-2\">\n<div class=\"flex w-full flex-col gap-1 empty:hidden first:pt-[1px]\">\n<div class=\"markdown prose dark:prose-invert w-full wrap-break-word light markdown-new-styling\">\n<h3 data-start=\"371\" data-end=\"388\">Description<\/h3>\n<p data-start=\"389\" data-end=\"533\">Parce que certaines journ\u00e9es sont longues (pour vous aussi),<br data-start=\"449\" data-end=\"452\" \/>ces biscuits ont \u00e9t\u00e9 pens\u00e9s pour accompagner les moments de calme de votre chien.<\/p>\n<p data-start=\"535\" data-end=\"656\">La camomille est reconnue pour ses propri\u00e9t\u00e9s apaisantes,<br data-start=\"592\" data-end=\"595\" \/>la pomme apporte une touche douce et naturellement gourmande.<\/p>\n<p data-start=\"658\" data-end=\"806\">Un biscuit croustillant, naturel, et sans ingr\u00e9dients inutiles.<br data-start=\"721\" data-end=\"724\" \/>Id\u00e9al apr\u00e8s une promenade, un moment de jeu\u2026 ou juste parce qu\u2019il est trop mignon.<\/p>\n<hr data-start=\"808\" data-end=\"811\" \/>\n<h3 data-start=\"813\" data-end=\"851\">Pourquoi votre chien va l\u2019adorer<\/h3>\n<ul data-start=\"852\" data-end=\"1009\">\n<li data-start=\"852\" data-end=\"888\">\n<p data-start=\"854\" data-end=\"888\">\ud83c\udf4e Go\u00fbt doux et l\u00e9g\u00e8rement sucr\u00e9<\/p>\n<\/li>\n<li data-start=\"889\" data-end=\"931\">\n<p data-start=\"891\" data-end=\"931\">\ud83c\udf3c Camomille pour favoriser la d\u00e9tente<\/p>\n<\/li>\n<li data-start=\"932\" data-end=\"976\">\n<p data-start=\"934\" data-end=\"976\">\ud83d\udc3e Texture croustillante facile \u00e0 m\u00e2cher<\/p>\n<\/li>\n<li data-start=\"977\" data-end=\"1009\">\n<p data-start=\"979\" data-end=\"1009\">\ud83d\udc9a Adapt\u00e9 \u00e0 un usage quotidien<\/p>\n<\/li>\n<\/ul>\n<hr data-start=\"1011\" data-end=\"1014\" \/>\n<h3 data-start=\"1016\" data-end=\"1034\">Points forts<\/h3>\n<ul data-start=\"1035\" data-end=\"1191\">\n<li data-start=\"1035\" data-end=\"1073\">\n<p data-start=\"1037\" data-end=\"1073\">\ud83c\udf3f Ingr\u00e9dients d\u2019origine naturelle<\/p>\n<\/li>\n<li data-start=\"1074\" data-end=\"1117\">\n<p data-start=\"1076\" data-end=\"1117\">\ud83d\udeab Sans colorants ni ar\u00f4mes artificiels<\/p>\n<\/li>\n<li data-start=\"1118\" data-end=\"1164\">\n<p data-start=\"1120\" data-end=\"1164\">\ud83d\udc36 Convient \u00e0 toutes les tailles de chiens<\/p>\n<\/li>\n<li data-start=\"1165\" data-end=\"1191\">\n<p data-start=\"1167\" data-end=\"1191\">\u267b\ufe0f Emballage responsable<\/p>\n<\/li>\n<\/ul>\n<hr data-start=\"1193\" data-end=\"1196\" \/>\n<h3 data-start=\"1198\" data-end=\"1215\">Composition<\/h3>\n<p data-start=\"1216\" data-end=\"1276\">Farine de bl\u00e9, pomme d\u00e9shydrat\u00e9e, camomille, huile v\u00e9g\u00e9tale.<\/p>\n<hr data-start=\"1278\" data-end=\"1281\" \/>\n<h3 data-start=\"1283\" data-end=\"1311\">Conseils d\u2019utilisation<\/h3>\n<p data-start=\"1312\" data-end=\"1455\">\u00c0 donner comme friandise ou r\u00e9compense.<br data-start=\"1351\" data-end=\"1354\" \/>Ne pas d\u00e9passer la ration journali\u00e8re recommand\u00e9e.<br data-start=\"1404\" data-end=\"1407\" \/>Toujours laisser de l\u2019eau fra\u00eeche \u00e0 disposition.<\/p>\n<hr data-start=\"1457\" data-end=\"1460\" \/>\n<h3 data-start=\"1462\" data-end=\"1480\">Petit + MOKO<\/h3>\n<p data-start=\"1481\" data-end=\"1571\">\ud83d\udcac <em data-start=\"1484\" data-end=\"1571\">\u201cTest\u00e9 sur des chiens tr\u00e8s excit\u00e9s\u2026 r\u00e9sultat : toujours aussi excit\u00e9s, mais heureux.\u201d<\/em><\/p>\n<\/div>\n<\/div>\n<\/div>\n<\/div>\n<div class=\"border-token-border-light my-2 flex gap-10 border-t pt-4\">\n<div class=\"flex flex-col items-start gap-1 pe-2\">\n<div class=\"flex flex-1 items-start gap-2\"><\/div>\n<\/div>\n<\/div>\n<\/div>\n<\/div>\n<\/article>\n<\/div>\n<\/div>\n","protected":false},"excerpt":{"rendered":"<p data-start=\"322\" data-end=\"364\">Un biscuit pour chien zen. Oui, \u00e7a existe.<\/p>\n","protected":false},"featured_media":213,"comment_status":"open","ping_status":"closed","template":"","meta":[],"product_brand":[],"product_cat":[25],"product_tag":[],"class_list":{"0":"post-102","1":"product","2":"type-product","3":"status-publish","4":"has-post-thumbnail","6":"product_cat-friandises","8":"first","9":"instock","10":"shipping-taxable","11":"purchasable","12":"product-type-simple"},"yoast_head":"<!-- This site is optimized with the Yoast SEO plugin v27.2 - https:\/\/yoast.com\/product\/yoast-seo-wordpress\/ -->\n<title>Biscuit \u201cCalme &amp; Truffe\u201d \u2013 Camomille &amp; Pomme - MOKO<\/title>\n<meta name=\"robots\" content=\"index, follow, max-snippet:-1, max-image-preview:large, max-video-preview:-1\" \/>\n<link rel=\"canonical\" href=\"https:\/\/www.mamzelleconfetti.com\/moko\/product\/eco-bag\/\" \/>\n<meta property=\"og:locale\" content=\"fr_FR\" \/>\n<meta property=\"og:type\" content=\"article\" \/>\n<meta property=\"og:title\" content=\"Biscuit \u201cCalme &amp; Truffe\u201d \u2013 Camomille &amp; Pomme - MOKO\" \/>\n<meta property=\"og:description\" content=\"Un biscuit pour chien zen. Oui, \u00e7a existe.\" \/>\n<meta property=\"og:url\" content=\"https:\/\/www.mamzelleconfetti.com\/moko\/product\/eco-bag\/\" \/>\n<meta property=\"og:site_name\" content=\"MOKO\" \/>\n<meta property=\"article:modified_time\" content=\"2026-01-24T16:56:39+00:00\" \/>\n<meta property=\"og:image\" content=\"https:\/\/www.mamzelleconfetti.com\/moko\/wp-content\/uploads\/2026\/01\/74b5de13b89997fc2d27313b28e172d4.jpg\" \/>\n\t<meta property=\"og:image:width\" content=\"1200\" \/>\n\t<meta property=\"og:image:height\" content=\"1334\" \/>\n\t<meta property=\"og:image:type\" content=\"image\/jpeg\" \/>\n<meta name=\"twitter:card\" content=\"summary_large_image\" \/>\n<meta name=\"twitter:label1\" content=\"Dur\u00e9e de lecture estim\u00e9e\" \/>\n\t<meta name=\"twitter:data1\" content=\"1 minute\" \/>\n<script type=\"application\/ld+json\" class=\"yoast-schema-graph\">{\"@context\":\"https:\/\/schema.org\",\"@graph\":[{\"@type\":\"WebPage\",\"@id\":\"https:\/\/www.mamzelleconfetti.com\/moko\/product\/eco-bag\/\",\"url\":\"https:\/\/www.mamzelleconfetti.com\/moko\/product\/eco-bag\/\",\"name\":\"Biscuit \u201cCalme & Truffe\u201d \u2013 Camomille & Pomme - MOKO\",\"isPartOf\":{\"@id\":\"https:\/\/www.mamzelleconfetti.com\/moko\/#website\"},\"primaryImageOfPage\":{\"@id\":\"https:\/\/www.mamzelleconfetti.com\/moko\/product\/eco-bag\/#primaryimage\"},\"image\":{\"@id\":\"https:\/\/www.mamzelleconfetti.com\/moko\/product\/eco-bag\/#primaryimage\"},\"thumbnailUrl\":\"https:\/\/www.mamzelleconfetti.com\/moko\/wp-content\/uploads\/2026\/01\/74b5de13b89997fc2d27313b28e172d4.jpg\",\"datePublished\":\"2026-01-24T15:00:12+00:00\",\"dateModified\":\"2026-01-24T16:56:39+00:00\",\"breadcrumb\":{\"@id\":\"https:\/\/www.mamzelleconfetti.com\/moko\/product\/eco-bag\/#breadcrumb\"},\"inLanguage\":\"fr-FR\",\"potentialAction\":[{\"@type\":\"ReadAction\",\"target\":[\"https:\/\/www.mamzelleconfetti.com\/moko\/product\/eco-bag\/\"]}]},{\"@type\":\"ImageObject\",\"inLanguage\":\"fr-FR\",\"@id\":\"https:\/\/www.mamzelleconfetti.com\/moko\/product\/eco-bag\/#primaryimage\",\"url\":\"https:\/\/www.mamzelleconfetti.com\/moko\/wp-content\/uploads\/2026\/01\/74b5de13b89997fc2d27313b28e172d4.jpg\",\"contentUrl\":\"https:\/\/www.mamzelleconfetti.com\/moko\/wp-content\/uploads\/2026\/01\/74b5de13b89997fc2d27313b28e172d4.jpg\",\"width\":1200,\"height\":1334},{\"@type\":\"BreadcrumbList\",\"@id\":\"https:\/\/www.mamzelleconfetti.com\/moko\/product\/eco-bag\/#breadcrumb\",\"itemListElement\":[{\"@type\":\"ListItem\",\"position\":1,\"name\":\"Accueil\",\"item\":\"https:\/\/www.mamzelleconfetti.com\/moko\/\"},{\"@type\":\"ListItem\",\"position\":2,\"name\":\"Shop\",\"item\":\"https:\/\/www.mamzelleconfetti.com\/moko\/shop-2\/\"},{\"@type\":\"ListItem\",\"position\":3,\"name\":\"Biscuit \u201cCalme &#038; Truffe\u201d \u2013 Camomille &#038; Pomme\"}]},{\"@type\":\"WebSite\",\"@id\":\"https:\/\/www.mamzelleconfetti.com\/moko\/#website\",\"url\":\"https:\/\/www.mamzelleconfetti.com\/moko\/\",\"name\":\"MOKO\",\"description\":\"\",\"publisher\":{\"@id\":\"https:\/\/www.mamzelleconfetti.com\/moko\/#organization\"},\"potentialAction\":[{\"@type\":\"SearchAction\",\"target\":{\"@type\":\"EntryPoint\",\"urlTemplate\":\"https:\/\/www.mamzelleconfetti.com\/moko\/?s={search_term_string}\"},\"query-input\":{\"@type\":\"PropertyValueSpecification\",\"valueRequired\":true,\"valueName\":\"search_term_string\"}}],\"inLanguage\":\"fr-FR\"},{\"@type\":\"Organization\",\"@id\":\"https:\/\/www.mamzelleconfetti.com\/moko\/#organization\",\"name\":\"MOKO\",\"url\":\"https:\/\/www.mamzelleconfetti.com\/moko\/\",\"logo\":{\"@type\":\"ImageObject\",\"inLanguage\":\"fr-FR\",\"@id\":\"https:\/\/www.mamzelleconfetti.com\/moko\/#\/schema\/logo\/image\/\",\"url\":\"https:\/\/www.mamzelleconfetti.com\/moko\/wp-content\/uploads\/2026\/01\/moko.png\",\"contentUrl\":\"https:\/\/www.mamzelleconfetti.com\/moko\/wp-content\/uploads\/2026\/01\/moko.png\",\"width\":715,\"height\":802,\"caption\":\"MOKO\"},\"image\":{\"@id\":\"https:\/\/www.mamzelleconfetti.com\/moko\/#\/schema\/logo\/image\/\"}}]}<\/script>\n<!-- \/ Yoast SEO plugin. -->","yoast_head_json":{"title":"Biscuit \u201cCalme & Truffe\u201d \u2013 Camomille & Pomme - MOKO","robots":{"index":"index","follow":"follow","max-snippet":"max-snippet:-1","max-image-preview":"max-image-preview:large","max-video-preview":"max-video-preview:-1"},"canonical":"https:\/\/www.mamzelleconfetti.com\/moko\/product\/eco-bag\/","og_locale":"fr_FR","og_type":"article","og_title":"Biscuit \u201cCalme & Truffe\u201d \u2013 Camomille & Pomme - MOKO","og_description":"Un biscuit pour chien zen. Oui, \u00e7a existe.","og_url":"https:\/\/www.mamzelleconfetti.com\/moko\/product\/eco-bag\/","og_site_name":"MOKO","article_modified_time":"2026-01-24T16:56:39+00:00","og_image":[{"width":1200,"height":1334,"url":"https:\/\/www.mamzelleconfetti.com\/moko\/wp-content\/uploads\/2026\/01\/74b5de13b89997fc2d27313b28e172d4.jpg","type":"image\/jpeg"}],"twitter_card":"summary_large_image","twitter_misc":{"Dur\u00e9e de lecture estim\u00e9e":"1 minute"},"schema":{"@context":"https:\/\/schema.org","@graph":[{"@type":"WebPage","@id":"https:\/\/www.mamzelleconfetti.com\/moko\/product\/eco-bag\/","url":"https:\/\/www.mamzelleconfetti.com\/moko\/product\/eco-bag\/","name":"Biscuit \u201cCalme & Truffe\u201d \u2013 Camomille & Pomme - MOKO","isPartOf":{"@id":"https:\/\/www.mamzelleconfetti.com\/moko\/#website"},"primaryImageOfPage":{"@id":"https:\/\/www.mamzelleconfetti.com\/moko\/product\/eco-bag\/#primaryimage"},"image":{"@id":"https:\/\/www.mamzelleconfetti.com\/moko\/product\/eco-bag\/#primaryimage"},"thumbnailUrl":"https:\/\/www.mamzelleconfetti.com\/moko\/wp-content\/uploads\/2026\/01\/74b5de13b89997fc2d27313b28e172d4.jpg","datePublished":"2026-01-24T15:00:12+00:00","dateModified":"2026-01-24T16:56:39+00:00","breadcrumb":{"@id":"https:\/\/www.mamzelleconfetti.com\/moko\/product\/eco-bag\/#breadcrumb"},"inLanguage":"fr-FR","potentialAction":[{"@type":"ReadAction","target":["https:\/\/www.mamzelleconfetti.com\/moko\/product\/eco-bag\/"]}]},{"@type":"ImageObject","inLanguage":"fr-FR","@id":"https:\/\/www.mamzelleconfetti.com\/moko\/product\/eco-bag\/#primaryimage","url":"https:\/\/www.mamzelleconfetti.com\/moko\/wp-content\/uploads\/2026\/01\/74b5de13b89997fc2d27313b28e172d4.jpg","contentUrl":"https:\/\/www.mamzelleconfetti.com\/moko\/wp-content\/uploads\/2026\/01\/74b5de13b89997fc2d27313b28e172d4.jpg","width":1200,"height":1334},{"@type":"BreadcrumbList","@id":"https:\/\/www.mamzelleconfetti.com\/moko\/product\/eco-bag\/#breadcrumb","itemListElement":[{"@type":"ListItem","position":1,"name":"Accueil","item":"https:\/\/www.mamzelleconfetti.com\/moko\/"},{"@type":"ListItem","position":2,"name":"Shop","item":"https:\/\/www.mamzelleconfetti.com\/moko\/shop-2\/"},{"@type":"ListItem","position":3,"name":"Biscuit \u201cCalme &#038; Truffe\u201d \u2013 Camomille &#038; Pomme"}]},{"@type":"WebSite","@id":"https:\/\/www.mamzelleconfetti.com\/moko\/#website","url":"https:\/\/www.mamzelleconfetti.com\/moko\/","name":"MOKO","description":"","publisher":{"@id":"https:\/\/www.mamzelleconfetti.com\/moko\/#organization"},"potentialAction":[{"@type":"SearchAction","target":{"@type":"EntryPoint","urlTemplate":"https:\/\/www.mamzelleconfetti.com\/moko\/?s={search_term_string}"},"query-input":{"@type":"PropertyValueSpecification","valueRequired":true,"valueName":"search_term_string"}}],"inLanguage":"fr-FR"},{"@type":"Organization","@id":"https:\/\/www.mamzelleconfetti.com\/moko\/#organization","name":"MOKO","url":"https:\/\/www.mamzelleconfetti.com\/moko\/","logo":{"@type":"ImageObject","inLanguage":"fr-FR","@id":"https:\/\/www.mamzelleconfetti.com\/moko\/#\/schema\/logo\/image\/","url":"https:\/\/www.mamzelleconfetti.com\/moko\/wp-content\/uploads\/2026\/01\/moko.png","contentUrl":"https:\/\/www.mamzelleconfetti.com\/moko\/wp-content\/uploads\/2026\/01\/moko.png","width":715,"height":802,"caption":"MOKO"},"image":{"@id":"https:\/\/www.mamzelleconfetti.com\/moko\/#\/schema\/logo\/image\/"}}]}},"_links":{"self":[{"href":"https:\/\/www.mamzelleconfetti.com\/moko\/wp-json\/wp\/v2\/product\/102","targetHints":{"allow":["GET"]}}],"collection":[{"href":"https:\/\/www.mamzelleconfetti.com\/moko\/wp-json\/wp\/v2\/product"}],"about":[{"href":"https:\/\/www.mamzelleconfetti.com\/moko\/wp-json\/wp\/v2\/types\/product"}],"replies":[{"embeddable":true,"href":"https:\/\/www.mamzelleconfetti.com\/moko\/wp-json\/wp\/v2\/comments?post=102"}],"version-history":[{"count":1,"href":"https:\/\/www.mamzelleconfetti.com\/moko\/wp-json\/wp\/v2\/product\/102\/revisions"}],"predecessor-version":[{"id":247,"href":"https:\/\/www.mamzelleconfetti.com\/moko\/wp-json\/wp\/v2\/product\/102\/revisions\/247"}],"wp:featuredmedia":[{"embeddable":true,"href":"https:\/\/www.mamzelleconfetti.com\/moko\/wp-json\/wp\/v2\/media\/213"}],"wp:attachment":[{"href":"https:\/\/www.mamzelleconfetti.com\/moko\/wp-json\/wp\/v2\/media?parent=102"}],"wp:term":[{"taxonomy":"product_brand","embeddable":true,"href":"https:\/\/www.mamzelleconfetti.com\/moko\/wp-json\/wp\/v2\/product_brand?post=102"},{"taxonomy":"product_cat","embeddable":true,"href":"https:\/\/www.mamzelleconfetti.com\/moko\/wp-json\/wp\/v2\/product_cat?post=102"},{"taxonomy":"product_tag","embeddable":true,"href":"https:\/\/www.mamzelleconfetti.com\/moko\/wp-json\/wp\/v2\/product_tag?post=102"}],"curies":[{"name":"wp","href":"https:\/\/api.w.org\/{rel}","templated":true}]}}